{"id":7696,"date":"2024-07-16T13:59:58","date_gmt":"2024-07-16T13:59:58","guid":{"rendered":"https:\/\/dih4cat.cat\/?page_id=7696"},"modified":"2024-07-16T14:10:58","modified_gmt":"2024-07-16T14:10:58","slug":"open-innovation-and-business-mentoring","status":"publish","type":"page","link":"https:\/\/dih4cat.cat\/en\/open-innovation-and-business-mentoring\/","title":{"rendered":"Open Innovation and Business Mentoring"},"content":{"rendered":"","protected":false},"excerpt":{"rendered":"","protected":false},"author":3,"featured_media":0,"parent":0,"menu_order":0,"comment_status":"closed","ping_status":"closed","template":"page-templates\/serveisNew.php","meta":{"_acf_changed":false,"_uf_show_specific_survey":0,"_uf_disable_surveys":false,"footnotes":""},"class_list":["post-7696","page","type-page","status-publish","hentry"],"acf":[],"aioseo_notices":[],"yoast_head":"<!-- This site is optimized with the Yoast SEO plugin v27.4 - https:\/\/yoast.com\/product\/yoast-seo-wordpress\/ -->\n<title>Open Innovation and Business Mentoring - DIH4CAT, el Digital Innovation Hub de Catalunya<\/title>\n<meta name=\"robots\" content=\"index, follow, max-snippet:-1, max-image-preview:large, max-video-preview:-1\" \/>\n<link rel=\"canonical\" href=\"https:\/\/dih4cat.cat\/en\/open-innovation-and-business-mentoring\/\" \/>\n<meta property=\"og:locale\" content=\"en_US\" \/>\n<meta property=\"og:type\" content=\"article\" \/>\n<meta property=\"og:title\" content=\"Open Innovation and Business Mentoring - DIH4CAT, el Digital Innovation Hub de Catalunya\" \/>\n<meta property=\"og:url\" content=\"https:\/\/dih4cat.cat\/en\/open-innovation-and-business-mentoring\/\" \/>\n<meta property=\"og:site_name\" content=\"DIH4CAT, el Digital Innovation Hub de Catalunya\" \/>\n<meta property=\"article:modified_time\" content=\"2024-07-16T14:10:58+00:00\" \/>\n<meta name=\"twitter:card\" content=\"summary_large_image\" \/>\n<script type=\"application\/ld+json\" class=\"yoast-schema-graph\">{\"@context\":\"https:\\\/\\\/schema.org\",\"@graph\":[{\"@type\":\"WebPage\",\"@id\":\"https:\\\/\\\/dih4cat.cat\\\/en\\\/open-innovation-and-business-mentoring\\\/\",\"url\":\"https:\\\/\\\/dih4cat.cat\\\/en\\\/open-innovation-and-business-mentoring\\\/\",\"name\":\"Open Innovation and Business Mentoring - DIH4CAT, el Digital Innovation Hub de Catalunya\",\"isPartOf\":{\"@id\":\"https:\\\/\\\/dih4cat.mystagingwebsite.com\\\/#website\"},\"datePublished\":\"2024-07-16T13:59:58+00:00\",\"dateModified\":\"2024-07-16T14:10:58+00:00\",\"inLanguage\":\"en-US\",\"potentialAction\":[{\"@type\":\"ReadAction\",\"target\":[\"https:\\\/\\\/dih4cat.cat\\\/en\\\/open-innovation-and-business-mentoring\\\/\"]}]},{\"@type\":\"WebSite\",\"@id\":\"https:\\\/\\\/dih4cat.mystagingwebsite.com\\\/#website\",\"url\":\"https:\\\/\\\/dih4cat.mystagingwebsite.com\\\/\",\"name\":\"DIH4CAT, el Digital Innovation Hub de Catalunya\",\"description\":\"El DIH4CAT integra agents, administracions p\u00fabliques i Nodes d&#039;Innovaci\u00f3 Digital (NID) especialitzats en 7 tecnologies avan\u00e7ades.\",\"potentialAction\":[{\"@type\":\"SearchAction\",\"target\":{\"@type\":\"EntryPoint\",\"urlTemplate\":\"https:\\\/\\\/dih4cat.mystagingwebsite.com\\\/?s={search_term_string}\"},\"query-input\":{\"@type\":\"PropertyValueSpecification\",\"valueRequired\":true,\"valueName\":\"search_term_string\"}}],\"inLanguage\":\"en-US\"}]}<\/script>\n<!-- \/ Yoast SEO plugin. -->","yoast_head_json":{"title":"Open Innovation and Business Mentoring - DIH4CAT, el Digital Innovation Hub de Catalunya","robots":{"index":"index","follow":"follow","max-snippet":"max-snippet:-1","max-image-preview":"max-image-preview:large","max-video-preview":"max-video-preview:-1"},"canonical":"https:\/\/dih4cat.cat\/en\/open-innovation-and-business-mentoring\/","og_locale":"en_US","og_type":"article","og_title":"Open Innovation and Business Mentoring - DIH4CAT, el Digital Innovation Hub de Catalunya","og_url":"https:\/\/dih4cat.cat\/en\/open-innovation-and-business-mentoring\/","og_site_name":"DIH4CAT, el Digital Innovation Hub de Catalunya","article_modified_time":"2024-07-16T14:10:58+00:00","twitter_card":"summary_large_image","schema":{"@context":"https:\/\/schema.org","@graph":[{"@type":"WebPage","@id":"https:\/\/dih4cat.cat\/en\/open-innovation-and-business-mentoring\/","url":"https:\/\/dih4cat.cat\/en\/open-innovation-and-business-mentoring\/","name":"Open Innovation and Business Mentoring - DIH4CAT, el Digital Innovation Hub de Catalunya","isPartOf":{"@id":"https:\/\/dih4cat.mystagingwebsite.com\/#website"},"datePublished":"2024-07-16T13:59:58+00:00","dateModified":"2024-07-16T14:10:58+00:00","inLanguage":"en-US","potentialAction":[{"@type":"ReadAction","target":["https:\/\/dih4cat.cat\/en\/open-innovation-and-business-mentoring\/"]}]},{"@type":"WebSite","@id":"https:\/\/dih4cat.mystagingwebsite.com\/#website","url":"https:\/\/dih4cat.mystagingwebsite.com\/","name":"DIH4CAT, el Digital Innovation Hub de Catalunya","description":"El DIH4CAT integra agents, administracions p\u00fabliques i Nodes d&#039;Innovaci\u00f3 Digital (NID) especialitzats en 7 tecnologies avan\u00e7ades.","potentialAction":[{"@type":"SearchAction","target":{"@type":"EntryPoint","urlTemplate":"https:\/\/dih4cat.mystagingwebsite.com\/?s={search_term_string}"},"query-input":{"@type":"PropertyValueSpecification","valueRequired":true,"valueName":"search_term_string"}}],"inLanguage":"en-US"}]}},"jetpack_sharing_enabled":true,"_links":{"self":[{"href":"https:\/\/dih4cat.cat\/en\/wp-json\/wp\/v2\/pages\/7696","targetHints":{"allow":["GET"]}}],"collection":[{"href":"https:\/\/dih4cat.cat\/en\/wp-json\/wp\/v2\/pages"}],"about":[{"href":"https:\/\/dih4cat.cat\/en\/wp-json\/wp\/v2\/types\/page"}],"author":[{"embeddable":true,"href":"https:\/\/dih4cat.cat\/en\/wp-json\/wp\/v2\/users\/3"}],"replies":[{"embeddable":true,"href":"https:\/\/dih4cat.cat\/en\/wp-json\/wp\/v2\/comments?post=7696"}],"version-history":[{"count":2,"href":"https:\/\/dih4cat.cat\/en\/wp-json\/wp\/v2\/pages\/7696\/revisions"}],"predecessor-version":[{"id":7698,"href":"https:\/\/dih4cat.cat\/en\/wp-json\/wp\/v2\/pages\/7696\/revisions\/7698"}],"wp:attachment":[{"href":"https:\/\/dih4cat.cat\/en\/wp-json\/wp\/v2\/media?parent=7696"}],"curies":[{"name":"wp","href":"https:\/\/api.w.org\/{rel}","templated":true}]}}