{"id":7711,"date":"2024-07-16T14:26:41","date_gmt":"2024-07-16T14:26:41","guid":{"rendered":"https:\/\/dih4cat.cat\/?page_id=7711"},"modified":"2025-05-16T09:25:31","modified_gmt":"2025-05-16T09:25:31","slug":"access-to-finance","status":"publish","type":"page","link":"https:\/\/dih4cat.cat\/en\/access-to-finance\/","title":{"rendered":"Access to finance"},"content":{"rendered":"","protected":false},"excerpt":{"rendered":"","protected":false},"author":3,"featured_media":0,"parent":0,"menu_order":0,"comment_status":"closed","ping_status":"closed","template":"page-templates\/serveisNew.php","meta":{"_acf_changed":false,"_uf_show_specific_survey":0,"_uf_disable_surveys":false,"footnotes":""},"class_list":["post-7711","page","type-page","status-publish","hentry"],"acf":[],"aioseo_notices":[],"yoast_head":"<!-- This site is optimized with the Yoast SEO plugin v23.5 - https:\/\/yoast.com\/wordpress\/plugins\/seo\/ -->\n<title>Access to finance - DIH4CAT, el Digital Innovation Hub de Catalunya<\/title>\n<meta name=\"robots\" content=\"index, follow, max-snippet:-1, max-image-preview:large, max-video-preview:-1\" \/>\n<link rel=\"canonical\" href=\"https:\/\/dih4cat.cat\/en\/access-to-finance\/\" \/>\n<meta property=\"og:locale\" content=\"en_US\" \/>\n<meta property=\"og:type\" content=\"article\" \/>\n<meta property=\"og:title\" content=\"Access to finance - DIH4CAT, el Digital Innovation Hub de Catalunya\" \/>\n<meta property=\"og:url\" content=\"https:\/\/dih4cat.cat\/en\/access-to-finance\/\" \/>\n<meta property=\"og:site_name\" content=\"DIH4CAT, el Digital Innovation Hub de Catalunya\" \/>\n<meta property=\"article:modified_time\" content=\"2025-05-16T09:25:31+00:00\" \/>\n<meta name=\"twitter:card\" content=\"summary_large_image\" \/>\n<script type=\"application\/ld+json\" class=\"yoast-schema-graph\">{\"@context\":\"https:\/\/schema.org\",\"@graph\":[{\"@type\":\"WebPage\",\"@id\":\"https:\/\/dih4cat.cat\/en\/access-to-finance\/\",\"url\":\"https:\/\/dih4cat.cat\/en\/access-to-finance\/\",\"name\":\"Access to finance - DIH4CAT, el Digital Innovation Hub de Catalunya\",\"isPartOf\":{\"@id\":\"https:\/\/dih4cat.mystagingwebsite.com\/#website\"},\"datePublished\":\"2024-07-16T14:26:41+00:00\",\"dateModified\":\"2025-05-16T09:25:31+00:00\",\"inLanguage\":\"en-US\",\"potentialAction\":[{\"@type\":\"ReadAction\",\"target\":[\"https:\/\/dih4cat.cat\/en\/access-to-finance\/\"]}]},{\"@type\":\"WebSite\",\"@id\":\"https:\/\/dih4cat.mystagingwebsite.com\/#website\",\"url\":\"https:\/\/dih4cat.mystagingwebsite.com\/\",\"name\":\"DIH4CAT, el Digital Innovation Hub de Catalunya\",\"description\":\"El DIH4CAT integra agents, administracions p\u00fabliques i Nodes d&#039;Innovaci\u00f3 Digital (NID) especialitzats en 7 tecnologies avan\u00e7ades.\",\"potentialAction\":[{\"@type\":\"SearchAction\",\"target\":{\"@type\":\"EntryPoint\",\"urlTemplate\":\"https:\/\/dih4cat.mystagingwebsite.com\/?s={search_term_string}\"},\"query-input\":{\"@type\":\"PropertyValueSpecification\",\"valueRequired\":true,\"valueName\":\"search_term_string\"}}],\"inLanguage\":\"en-US\"}]}<\/script>\n<!-- \/ Yoast SEO plugin. -->","yoast_head_json":{"title":"Access to finance - DIH4CAT, el Digital Innovation Hub de Catalunya","robots":{"index":"index","follow":"follow","max-snippet":"max-snippet:-1","max-image-preview":"max-image-preview:large","max-video-preview":"max-video-preview:-1"},"canonical":"https:\/\/dih4cat.cat\/en\/access-to-finance\/","og_locale":"en_US","og_type":"article","og_title":"Access to finance - DIH4CAT, el Digital Innovation Hub de Catalunya","og_url":"https:\/\/dih4cat.cat\/en\/access-to-finance\/","og_site_name":"DIH4CAT, el Digital Innovation Hub de Catalunya","article_modified_time":"2025-05-16T09:25:31+00:00","twitter_card":"summary_large_image","schema":{"@context":"https:\/\/schema.org","@graph":[{"@type":"WebPage","@id":"https:\/\/dih4cat.cat\/en\/access-to-finance\/","url":"https:\/\/dih4cat.cat\/en\/access-to-finance\/","name":"Access to finance - DIH4CAT, el Digital Innovation Hub de Catalunya","isPartOf":{"@id":"https:\/\/dih4cat.mystagingwebsite.com\/#website"},"datePublished":"2024-07-16T14:26:41+00:00","dateModified":"2025-05-16T09:25:31+00:00","inLanguage":"en-US","potentialAction":[{"@type":"ReadAction","target":["https:\/\/dih4cat.cat\/en\/access-to-finance\/"]}]},{"@type":"WebSite","@id":"https:\/\/dih4cat.mystagingwebsite.com\/#website","url":"https:\/\/dih4cat.mystagingwebsite.com\/","name":"DIH4CAT, el Digital Innovation Hub de Catalunya","description":"El DIH4CAT integra agents, administracions p\u00fabliques i Nodes d&#039;Innovaci\u00f3 Digital (NID) especialitzats en 7 tecnologies avan\u00e7ades.","potentialAction":[{"@type":"SearchAction","target":{"@type":"EntryPoint","urlTemplate":"https:\/\/dih4cat.mystagingwebsite.com\/?s={search_term_string}"},"query-input":{"@type":"PropertyValueSpecification","valueRequired":true,"valueName":"search_term_string"}}],"inLanguage":"en-US"}]}},"jetpack_sharing_enabled":true,"_links":{"self":[{"href":"https:\/\/dih4cat.cat\/en\/wp-json\/wp\/v2\/pages\/7711","targetHints":{"allow":["GET"]}}],"collection":[{"href":"https:\/\/dih4cat.cat\/en\/wp-json\/wp\/v2\/pages"}],"about":[{"href":"https:\/\/dih4cat.cat\/en\/wp-json\/wp\/v2\/types\/page"}],"author":[{"embeddable":true,"href":"https:\/\/dih4cat.cat\/en\/wp-json\/wp\/v2\/users\/3"}],"replies":[{"embeddable":true,"href":"https:\/\/dih4cat.cat\/en\/wp-json\/wp\/v2\/comments?post=7711"}],"version-history":[{"count":8,"href":"https:\/\/dih4cat.cat\/en\/wp-json\/wp\/v2\/pages\/7711\/revisions"}],"predecessor-version":[{"id":9754,"href":"https:\/\/dih4cat.cat\/en\/wp-json\/wp\/v2\/pages\/7711\/revisions\/9754"}],"wp:attachment":[{"href":"https:\/\/dih4cat.cat\/en\/wp-json\/wp\/v2\/media?parent=7711"}],"curies":[{"name":"wp","href":"https:\/\/api.w.org\/{rel}","templated":true}]}}