{"id":8294,"date":"2024-10-24T09:39:14","date_gmt":"2024-10-24T09:39:14","guid":{"rendered":"https:\/\/dih4cat.cat\/?page_id=8294"},"modified":"2024-11-07T14:31:17","modified_gmt":"2024-11-07T14:31:17","slug":"digital-maturity-assessment","status":"publish","type":"page","link":"https:\/\/dih4cat.cat\/en\/digital-maturity-assessment\/","title":{"rendered":"Digital Maturity Assessment"},"content":{"rendered":"","protected":false},"excerpt":{"rendered":"","protected":false},"author":3,"featured_media":0,"parent":0,"menu_order":0,"comment_status":"closed","ping_status":"closed","template":"page-templates\/autorientacio.php","meta":{"_acf_changed":false,"_uf_show_specific_survey":0,"_uf_disable_surveys":false,"footnotes":""},"class_list":["post-8294","page","type-page","status-publish","hentry"],"acf":[],"aioseo_notices":[],"yoast_head":"<!-- This site is optimized with the Yoast SEO plugin v23.5 - https:\/\/yoast.com\/wordpress\/plugins\/seo\/ -->\n<title>Digital Maturity Assessment - DIH4CAT, el Digital Innovation Hub de Catalunya<\/title>\n<meta name=\"robots\" content=\"index, follow, max-snippet:-1, max-image-preview:large, max-video-preview:-1\" \/>\n<link rel=\"canonical\" href=\"https:\/\/dih4cat.cat\/en\/digital-maturity-assessment\/\" \/>\n<meta property=\"og:locale\" content=\"en_US\" \/>\n<meta property=\"og:type\" content=\"article\" \/>\n<meta property=\"og:title\" content=\"Digital Maturity Assessment - DIH4CAT, el Digital Innovation Hub de Catalunya\" \/>\n<meta property=\"og:url\" content=\"https:\/\/dih4cat.cat\/en\/digital-maturity-assessment\/\" \/>\n<meta property=\"og:site_name\" content=\"DIH4CAT, el Digital Innovation Hub de Catalunya\" \/>\n<meta property=\"article:modified_time\" content=\"2024-11-07T14:31:17+00:00\" \/>\n<meta name=\"twitter:card\" content=\"summary_large_image\" \/>\n<script type=\"application\/ld+json\" class=\"yoast-schema-graph\">{\"@context\":\"https:\/\/schema.org\",\"@graph\":[{\"@type\":\"WebPage\",\"@id\":\"https:\/\/dih4cat.cat\/en\/digital-maturity-assessment\/\",\"url\":\"https:\/\/dih4cat.cat\/en\/digital-maturity-assessment\/\",\"name\":\"Digital Maturity Assessment - DIH4CAT, el Digital Innovation Hub de Catalunya\",\"isPartOf\":{\"@id\":\"https:\/\/dih4cat.mystagingwebsite.com\/#website\"},\"datePublished\":\"2024-10-24T09:39:14+00:00\",\"dateModified\":\"2024-11-07T14:31:17+00:00\",\"inLanguage\":\"en-US\",\"potentialAction\":[{\"@type\":\"ReadAction\",\"target\":[\"https:\/\/dih4cat.cat\/en\/digital-maturity-assessment\/\"]}]},{\"@type\":\"WebSite\",\"@id\":\"https:\/\/dih4cat.mystagingwebsite.com\/#website\",\"url\":\"https:\/\/dih4cat.mystagingwebsite.com\/\",\"name\":\"DIH4CAT, el Digital Innovation Hub de Catalunya\",\"description\":\"El DIH4CAT integra agents, administracions p\u00fabliques i Nodes d&#039;Innovaci\u00f3 Digital (NID) especialitzats en 7 tecnologies avan\u00e7ades.\",\"potentialAction\":[{\"@type\":\"SearchAction\",\"target\":{\"@type\":\"EntryPoint\",\"urlTemplate\":\"https:\/\/dih4cat.mystagingwebsite.com\/?s={search_term_string}\"},\"query-input\":{\"@type\":\"PropertyValueSpecification\",\"valueRequired\":true,\"valueName\":\"search_term_string\"}}],\"inLanguage\":\"en-US\"}]}<\/script>\n<!-- \/ Yoast SEO plugin. -->","yoast_head_json":{"title":"Digital Maturity Assessment - DIH4CAT, el Digital Innovation Hub de Catalunya","robots":{"index":"index","follow":"follow","max-snippet":"max-snippet:-1","max-image-preview":"max-image-preview:large","max-video-preview":"max-video-preview:-1"},"canonical":"https:\/\/dih4cat.cat\/en\/digital-maturity-assessment\/","og_locale":"en_US","og_type":"article","og_title":"Digital Maturity Assessment - DIH4CAT, el Digital Innovation Hub de Catalunya","og_url":"https:\/\/dih4cat.cat\/en\/digital-maturity-assessment\/","og_site_name":"DIH4CAT, el Digital Innovation Hub de Catalunya","article_modified_time":"2024-11-07T14:31:17+00:00","twitter_card":"summary_large_image","schema":{"@context":"https:\/\/schema.org","@graph":[{"@type":"WebPage","@id":"https:\/\/dih4cat.cat\/en\/digital-maturity-assessment\/","url":"https:\/\/dih4cat.cat\/en\/digital-maturity-assessment\/","name":"Digital Maturity Assessment - DIH4CAT, el Digital Innovation Hub de Catalunya","isPartOf":{"@id":"https:\/\/dih4cat.mystagingwebsite.com\/#website"},"datePublished":"2024-10-24T09:39:14+00:00","dateModified":"2024-11-07T14:31:17+00:00","inLanguage":"en-US","potentialAction":[{"@type":"ReadAction","target":["https:\/\/dih4cat.cat\/en\/digital-maturity-assessment\/"]}]},{"@type":"WebSite","@id":"https:\/\/dih4cat.mystagingwebsite.com\/#website","url":"https:\/\/dih4cat.mystagingwebsite.com\/","name":"DIH4CAT, el Digital Innovation Hub de Catalunya","description":"El DIH4CAT integra agents, administracions p\u00fabliques i Nodes d&#039;Innovaci\u00f3 Digital (NID) especialitzats en 7 tecnologies avan\u00e7ades.","potentialAction":[{"@type":"SearchAction","target":{"@type":"EntryPoint","urlTemplate":"https:\/\/dih4cat.mystagingwebsite.com\/?s={search_term_string}"},"query-input":{"@type":"PropertyValueSpecification","valueRequired":true,"valueName":"search_term_string"}}],"inLanguage":"en-US"}]}},"jetpack_sharing_enabled":true,"_links":{"self":[{"href":"https:\/\/dih4cat.cat\/en\/wp-json\/wp\/v2\/pages\/8294","targetHints":{"allow":["GET"]}}],"collection":[{"href":"https:\/\/dih4cat.cat\/en\/wp-json\/wp\/v2\/pages"}],"about":[{"href":"https:\/\/dih4cat.cat\/en\/wp-json\/wp\/v2\/types\/page"}],"author":[{"embeddable":true,"href":"https:\/\/dih4cat.cat\/en\/wp-json\/wp\/v2\/users\/3"}],"replies":[{"embeddable":true,"href":"https:\/\/dih4cat.cat\/en\/wp-json\/wp\/v2\/comments?post=8294"}],"version-history":[{"count":3,"href":"https:\/\/dih4cat.cat\/en\/wp-json\/wp\/v2\/pages\/8294\/revisions"}],"predecessor-version":[{"id":8299,"href":"https:\/\/dih4cat.cat\/en\/wp-json\/wp\/v2\/pages\/8294\/revisions\/8299"}],"wp:attachment":[{"href":"https:\/\/dih4cat.cat\/en\/wp-json\/wp\/v2\/media?parent=8294"}],"curies":[{"name":"wp","href":"https:\/\/api.w.org\/{rel}","templated":true}]}}